{"id":236,"date":"2024-10-17T19:42:52","date_gmt":"2024-10-17T19:42:52","guid":{"rendered":"https:\/\/skreiaraceway.no\/?page_id=236"},"modified":"2026-04-15T12:49:23","modified_gmt":"2026-04-15T12:49:23","slug":"aktuelt","status":"publish","type":"page","link":"https:\/\/skreiaraceway.no\/?page_id=236","title":{"rendered":"Aktuelt"},"content":{"rendered":"\n<p><em><strong>APRIL 2026<\/strong><\/em><\/p>\n\n\n\n<p>Vinteren 2026 s\u00f8kte vi Sparebankstiftelsen DNB om midler til innkj\u00f8p av utl\u00e5nsbiler. S\u00f8knaden ble innvilget, og vi er n\u00e5 (medio april) i gang med bygging og montering. Den f\u00f8rste bilen antas \u00e5 v\u00e6re klar for kj\u00f8ring innen utgangen av april. Bilene er av typen B10R fra PR Racing, og vil bli utstyrt med Hobbywing QuicRun 10BL120 fartsregulatorer, Hobbywing XeRun V10 13,5 t motorer og Power HD S15 servoer. I tillegg er det kj\u00f8pt inn radioer av typen Sanwa MT-R. Vi h\u00e5per med denne investeringen at vi skal f\u00e5 rekruttert flere yngre f\u00f8rere, men bilene vil selvf\u00f8lgelig v\u00e6re tilgjengelige for alle som \u00f8nsker \u00e5 pr\u00f8ve. Ta kontakt for avtale!<\/p>\n\n\n\n<figure class=\"wp-block-image size-full\"><img fetchpriority=\"high\" decoding=\"async\" width=\"717\" height=\"478\" src=\"https:\/\/skreiaraceway.no\/wp-content\/uploads\/2025\/04\/pdt_big_2024965133839.jpg\" alt=\"\" class=\"wp-image-336\" srcset=\"https:\/\/skreiaraceway.no\/wp-content\/uploads\/2025\/04\/pdt_big_2024965133839.jpg 717w, https:\/\/skreiaraceway.no\/wp-content\/uploads\/2025\/04\/pdt_big_2024965133839-300x200.jpg 300w\" sizes=\"(max-width: 717px) 100vw, 717px\" \/><\/figure>\n\n\n\n<p class=\"has-text-align-left\"><em><strong>NOVEMBER 2025<\/strong><\/em><\/p>\n\n\n\n<p>P\u00e5 \u00e5rsm\u00f8tet 2025 ble det besluttet&nbsp;\u00e5 melde klubben v\u00e5r inn i Norges Motorsportforbund\/Norges idrettsforbund. Som et ledd i denne prosessen m\u00e5tte ogs\u00e5 navnet endres til Skreia RC Bilklubb, dette fordi Skreia&nbsp;Raceway ikke&nbsp;var i tr\u00e5d med navneforskriften hos NIF.&nbsp;&nbsp;<\/p>\n\n\n\n<p>S\u00f8knad om opptak av Skreia RC Bilklubb ble godkjent av NIF\/NMF 24.&nbsp;November&nbsp;2025.&nbsp;&nbsp;<\/p>\n\n\n\n<p>Vi g\u00e5r n\u00e5 over til nytt medlemsregister gjennom&nbsp;KlubbAdmin, et system&nbsp;levert av Norges idrettsforbund, og alle medlemmer vil i l\u00f8pet av de f\u00f8rste dagene motta en invitasjon&nbsp;til \u00e5 registrere seg her.&nbsp;For at NIF skal regne medlemsskap&nbsp;som gyldig&nbsp;m\u00e5 det betales&nbsp;medlemskontigent&nbsp;gjennom systemet. Alle vil derfor motta en faktura p\u00e5 50 kroner for 2025, men de som allerede har betalt \u00e5rets&nbsp;medlemskontigent&nbsp;f\u00e5r&nbsp;dette refundert s\u00e5 snart innbetalingen er registrert.&nbsp;Kontigent&nbsp;for 2026&nbsp;(100 kr)&nbsp;kommer p\u00e5 ny\u00e5ret.&nbsp;<\/p>\n\n\n\n<p>Dersom noen ikke mottar invitasjon p\u00e5 e-post&nbsp;er det bare \u00e5 ta kontakt s\u00e5 ordner vi det.&nbsp;<\/p>\n\n\n\n<p>Vi i styret beklager ulempen ved at alle m\u00e5 registreres p\u00e5 nytt.&nbsp;<\/p>\n\n\n\n<p>P\u00e5 forh\u00e5nd takk!&nbsp;<\/p>\n\n\n\n<p>Med vennlig hilsen&nbsp;&nbsp;<\/p>\n\n\n\n<p>Styret&nbsp;<\/p>\n\n\n\n<figure class=\"wp-block-image size-full\"><img decoding=\"async\" width=\"640\" height=\"480\" src=\"https:\/\/skreiaraceway.no\/wp-content\/uploads\/2025\/11\/IMG_2511-\u2013-middels.jpeg\" alt=\"\" class=\"wp-image-356\" srcset=\"https:\/\/skreiaraceway.no\/wp-content\/uploads\/2025\/11\/IMG_2511-\u2013-middels.jpeg 640w, https:\/\/skreiaraceway.no\/wp-content\/uploads\/2025\/11\/IMG_2511-\u2013-middels-300x225.jpeg 300w\" sizes=\"(max-width: 640px) 100vw, 640px\" \/><\/figure>\n\n\n\n<p class=\"has-text-align-left\"><strong><em>APRIL 2025<\/em><\/strong><\/p>\n\n\n\n<p class=\"has-text-align-left\">Skreia Raceway har testet ut B10R (2wd) fra PR Racing. F\u00f8rsteinntrykket er meget bra; bilen er lettkj\u00f8rt og egner seg godt til b\u00e5de trening og konkurransekj\u00f8ring. Kittene inneholder karbon- og aluminiumsdeler som hos andre produsenter ofte m\u00e5 kj\u00f8pes som option-parts. Bra utvalg av options for den som \u00f8nsker en mer tilpasset bil, og vi har selvf\u00f8lgelig b\u00e5de option-parts og reservedeler p\u00e5 lager. Prisen p\u00e5 B10R er ogs\u00e5 sv\u00e6rt fordelaktig for klubbens medlemmer; kun 4490,- levert p\u00e5 Skreia Raceway. <\/p>\n\n\n\n<p class=\"has-text-align-left\">Ta kontakt for mer informasjon! Sjekk ogs\u00e5 <a href=\"http:\/\/www.pr-rc.com\">www.pr-rc.com<\/a><\/p>\n\n\n\n<figure class=\"wp-block-image size-full\"><img decoding=\"async\" src=\"https:\/\/skreiaraceway.no\/wp-content\/uploads\/2025\/04\/IMG_1823.heic\" alt=\"\" class=\"wp-image-328\"\/><\/figure>\n\n\n\n<figure class=\"wp-block-gallery has-nested-images columns-default is-cropped wp-block-gallery-1 is-layout-flex wp-block-gallery-is-layout-flex\">\n<figure class=\"wp-block-image size-large\"><img decoding=\"async\" width=\"717\" height=\"478\" data-id=\"338\" src=\"https:\/\/skreiaraceway.no\/wp-content\/uploads\/2025\/04\/pdt_big_2024965135026.jpg\" alt=\"\" class=\"wp-image-338\" srcset=\"https:\/\/skreiaraceway.no\/wp-content\/uploads\/2025\/04\/pdt_big_2024965135026.jpg 717w, https:\/\/skreiaraceway.no\/wp-content\/uploads\/2025\/04\/pdt_big_2024965135026-300x200.jpg 300w\" sizes=\"(max-width: 717px) 100vw, 717px\" \/><\/figure>\n\n\n\n<figure class=\"wp-block-image size-large\"><img loading=\"lazy\" decoding=\"async\" width=\"717\" height=\"478\" data-id=\"335\" src=\"https:\/\/skreiaraceway.no\/wp-content\/uploads\/2025\/04\/pdt_big_2024965135213.jpg\" alt=\"\" class=\"wp-image-335\" srcset=\"https:\/\/skreiaraceway.no\/wp-content\/uploads\/2025\/04\/pdt_big_2024965135213.jpg 717w, https:\/\/skreiaraceway.no\/wp-content\/uploads\/2025\/04\/pdt_big_2024965135213-300x200.jpg 300w\" sizes=\"(max-width: 717px) 100vw, 717px\" \/><\/figure>\n\n\n\n<figure class=\"wp-block-image size-large\"><img loading=\"lazy\" decoding=\"async\" width=\"717\" height=\"478\" data-id=\"337\" src=\"https:\/\/skreiaraceway.no\/wp-content\/uploads\/2025\/04\/pdt_big_2024965135842.jpg\" alt=\"\" class=\"wp-image-337\" srcset=\"https:\/\/skreiaraceway.no\/wp-content\/uploads\/2025\/04\/pdt_big_2024965135842.jpg 717w, https:\/\/skreiaraceway.no\/wp-content\/uploads\/2025\/04\/pdt_big_2024965135842-300x200.jpg 300w\" sizes=\"(max-width: 717px) 100vw, 717px\" \/><\/figure>\n\n\n\n<figure class=\"wp-block-image size-large\"><img loading=\"lazy\" decoding=\"async\" width=\"717\" height=\"478\" data-id=\"336\" src=\"https:\/\/skreiaraceway.no\/wp-content\/uploads\/2025\/04\/pdt_big_2024965133839.jpg\" alt=\"\" class=\"wp-image-336\" srcset=\"https:\/\/skreiaraceway.no\/wp-content\/uploads\/2025\/04\/pdt_big_2024965133839.jpg 717w, https:\/\/skreiaraceway.no\/wp-content\/uploads\/2025\/04\/pdt_big_2024965133839-300x200.jpg 300w\" sizes=\"(max-width: 717px) 100vw, 717px\" \/><\/figure>\n<\/figure>\n","protected":false},"excerpt":{"rendered":"<p>APRIL 2026 Vinteren 2026 s\u00f8kte vi Sparebankstiftelsen DNB om midler til innkj\u00f8p av utl\u00e5nsbiler. S\u00f8knaden ble innvilget, og vi er n\u00e5 (medio april) i gang med bygging og montering. Den f\u00f8rste bilen antas \u00e5 v\u00e6re klar for kj\u00f8ring innen utgangen av april. Bilene er av typen B10R fra PR Racing, og vil bli utstyrt med [&hellip;]<\/p>\n","protected":false},"author":1,"featured_media":0,"parent":0,"menu_order":0,"comment_status":"closed","ping_status":"closed","template":"","meta":{"footnotes":""},"class_list":["post-236","page","type-page","status-publish","hentry"],"_links":{"self":[{"href":"https:\/\/skreiaraceway.no\/index.php?rest_route=\/wp\/v2\/pages\/236","targetHints":{"allow":["GET"]}}],"collection":[{"href":"https:\/\/skreiaraceway.no\/index.php?rest_route=\/wp\/v2\/pages"}],"about":[{"href":"https:\/\/skreiaraceway.no\/index.php?rest_route=\/wp\/v2\/types\/page"}],"author":[{"embeddable":true,"href":"https:\/\/skreiaraceway.no\/index.php?rest_route=\/wp\/v2\/users\/1"}],"replies":[{"embeddable":true,"href":"https:\/\/skreiaraceway.no\/index.php?rest_route=%2Fwp%2Fv2%2Fcomments&post=236"}],"version-history":[{"count":20,"href":"https:\/\/skreiaraceway.no\/index.php?rest_route=\/wp\/v2\/pages\/236\/revisions"}],"predecessor-version":[{"id":389,"href":"https:\/\/skreiaraceway.no\/index.php?rest_route=\/wp\/v2\/pages\/236\/revisions\/389"}],"wp:attachment":[{"href":"https:\/\/skreiaraceway.no\/index.php?rest_route=%2Fwp%2Fv2%2Fmedia&parent=236"}],"curies":[{"name":"wp","href":"https:\/\/api.w.org\/{rel}","templated":true}]}}